{"id":3,"date":"2010-06-21T12:19:05","date_gmt":"2010-06-21T12:19:05","guid":{"rendered":"https:\/\/fryxellsantikvitetshandel.se\/?page_id=3"},"modified":"2019-11-27T11:39:49","modified_gmt":"2019-11-27T10:39:49","slug":"startsida","status":"publish","type":"page","link":"https:\/\/fryxellsantikvitetshandel.se\/en\/","title":{"rendered":"Home"},"content":{"rendered":"<p><\/p>\n<h1>Fryxells Antiques<\/h1>\n<p lang=\"en-US\"><img loading=\"lazy\" decoding=\"async\" class=\"alignright size-full wp-image-48\" title=\"byra-300x390\" src=\"https:\/\/fryxellsantikvitetshandel.se\/wp-content\/uploads\/2010\/06\/byra-300x3901.jpg\" alt=\"\" width=\"300\" height=\"390\" \/><strong>18<sup>th<\/sup> and 19<sup>th<\/sup> century furniture, rustic, provincial manor-house furniture and sigend Stockholm work.<\/strong><\/p>\n<p lang=\"en-US\">Per Fryxell started Fryxells Antivitetshandel in 1986 and zestfully runs it concurrently with his profession of middle-school teacher. The shop occupies\u00a0is in the same house as the private property at Storgatan \u00a030 in F\u00e4rjestaden\u00a0\u00a0,\u00d6land.<\/p>\n<p lang=\"en-US\">In addition to selling antiques, Per Fryxell spends a lot of time restoring furniture to its original condition, which means painstaking, time-consuming renovation to bring out the original workmanship. During this slow process he gets to know his furniture and antiques down to the tiniest detail, which tells him a very great deal about the history of the item concerned, knowledge he readily shares with others and gives careful account of, so that customers will feel secure in their purchas .<\/p>\n<p lang=\"en-US\">In the antique shop\u00a0you can see\u00a0a regional connection and consists to a great extent of \u00d6land vernacular, \u00d6land provincial furniture and also a certain amount of furniture and decorative art from Sm\u00e5land as well as works from the Stockholm area\u00a0. Per Fryxell likens a visit to the antique shop at\u00a0Storgatan 30 in F\u00e4rjestaden\u00a0to driving to the nearby Himmelsberga Museum, wich has a large collection of traditional rural artefacts.<\/p>\n<p>O:B:S From May 2015 is all activity consentrated to Storgatan 30 in F\u00e4rjestaden ,\u00d6land.<\/p>","protected":false},"excerpt":{"rendered":"<p>Fryxells Antiques 18th and 19th century furniture, rustic, provincial manor-house furniture and sigend Stockholm work. Per Fryxell started Fryxells Antivitetshandel in 1986 and zestfully runs it concurrently with his profession of middle-school teacher. The shop occupies\u00a0is in the same house as the private property at Storgatan \u00a030 in F\u00e4rjestaden\u00a0\u00a0,\u00d6land. In addition to selling antiques, Per [&hellip;]<\/p>\n","protected":false},"author":1,"featured_media":0,"parent":0,"menu_order":100,"comment_status":"open","ping_status":"open","template":"","meta":{"footnotes":""},"class_list":["post-3","page","type-page","status-publish","hentry"],"_links":{"self":[{"href":"https:\/\/fryxellsantikvitetshandel.se\/en\/wp-json\/wp\/v2\/pages\/3","targetHints":{"allow":["GET"]}}],"collection":[{"href":"https:\/\/fryxellsantikvitetshandel.se\/en\/wp-json\/wp\/v2\/pages"}],"about":[{"href":"https:\/\/fryxellsantikvitetshandel.se\/en\/wp-json\/wp\/v2\/types\/page"}],"author":[{"embeddable":true,"href":"https:\/\/fryxellsantikvitetshandel.se\/en\/wp-json\/wp\/v2\/users\/1"}],"replies":[{"embeddable":true,"href":"https:\/\/fryxellsantikvitetshandel.se\/en\/wp-json\/wp\/v2\/comments?post=3"}],"version-history":[{"count":25,"href":"https:\/\/fryxellsantikvitetshandel.se\/en\/wp-json\/wp\/v2\/pages\/3\/revisions"}],"predecessor-version":[{"id":1664,"href":"https:\/\/fryxellsantikvitetshandel.se\/en\/wp-json\/wp\/v2\/pages\/3\/revisions\/1664"}],"wp:attachment":[{"href":"https:\/\/fryxellsantikvitetshandel.se\/en\/wp-json\/wp\/v2\/media?parent=3"}],"curies":[{"name":"wp","href":"https:\/\/api.w.org\/{rel}","templated":true}]}}